{"id":718,"date":"2025-07-15T15:06:16","date_gmt":"2025-07-15T13:06:16","guid":{"rendered":"https:\/\/parcoarcheologico.cortonamaec.org\/books\/"},"modified":"2025-12-09T11:25:49","modified_gmt":"2025-12-09T10:25:49","slug":"books","status":"publish","type":"page","link":"https:\/\/cortonamaec.org\/en\/books\/","title":{"rendered":"Publications"},"content":{"rendered":"<div class=\"fusion-fullwidth fullwidth-box fusion-builder-row-1 fusion-flex-container has-pattern-background has-mask-background nonhundred-percent-fullwidth non-hundred-percent-height-scrolling\" style=\"--awb-border-radius-top-left:0px;--awb-border-radius-top-right:0px;--awb-border-radius-bottom-right:0px;--awb-border-radius-bottom-left:0px;--awb-flex-wrap:wrap;\" ><div class=\"fusion-builder-row fusion-row fusion-flex-align-items-flex-start fusion-flex-content-wrap\" style=\"max-width:1248px;margin-left: calc(-4% \/ 2 );margin-right: calc(-4% \/ 2 );\"><div class=\"fusion-layout-column fusion_builder_column fusion-builder-column-0 fusion_builder_column_1_1 1_1 fusion-flex-column\" style=\"--awb-bg-size:cover;--awb-width-large:100%;--awb-margin-top-large:0px;--awb-spacing-right-large:1.92%;--awb-margin-bottom-large:20px;--awb-spacing-left-large:1.92%;--awb-width-medium:100%;--awb-order-medium:0;--awb-spacing-right-medium:1.92%;--awb-spacing-left-medium:1.92%;--awb-width-small:100%;--awb-order-small:0;--awb-spacing-right-small:1.92%;--awb-spacing-left-small:1.92%;\"><div class=\"fusion-column-wrapper fusion-column-has-shadow fusion-flex-justify-content-flex-start fusion-content-layout-column\"><div class=\"fusion-text fusion-text-1\"><p>The publications of the MAEC \u2013 Museo dell\u2019Accademia Etrusca e della Citt\u00e0 di Cortona \u2013 and of the Accademia Etrusca bring together studies, research and in-depth contributions dedicated to the collections, exhibitions and scientific projects of the two institutions. Catalogues, notebooks, proceedings and specialised volumes bear witness to a shared commitment to producing and disseminating knowledge on the Etruscan world, the history of Cortona and its cultural heritage.<\/p>\n<\/div><div class=\"fusion-title title fusion-title-1 fusion-sep-none fusion-title-text fusion-title-size-two\" style=\"--awb-margin-top-small:10px;--awb-margin-right-small:0px;--awb-margin-bottom-small:10px;--awb-margin-left-small:0px;\"><h2 class=\"fusion-title-heading title-heading-left fusion-responsive-typography-calculated\" style=\"margin:0;--fontSize:38;line-height:var(--awb-typography1-line-height);\">MAEC: a guide to the Collections<\/h2><\/div><div class=\"fusion-text fusion-text-2\"><p>P.Bruschetti-P.Giulierini, MAEC, Museo dell\u2019Accademia Etrusca e della Citt\u00e0 di Cortona. Guida alle collezioni, Cortona, Tiphys Edizioni, 2018 <\/p>\n<p>P.Bruschetti-P.Giulierini, MAEC, Museo dell\u2019Accademia Etrusca e della Citt\u00e0 di Cortona. Guida alle collezioni, Cortona, Tiphys Edizioni, 2008 <\/p>\n<p>P.Bruschetti-P.Giulierini, MAEC, Museo dell\u2019Accademia Etrusca e della Citt\u00e0 di Cortona. A guide to the Collections, Cortona, Tiphys Edizioni, 2008<\/p>\n<\/div><div class=\"fusion-title title fusion-title-2 fusion-sep-none fusion-title-text fusion-title-size-two\" style=\"--awb-margin-top-small:10px;--awb-margin-right-small:0px;--awb-margin-bottom-small:10px;--awb-margin-left-small:0px;\"><h2 class=\"fusion-title-heading title-heading-left fusion-responsive-typography-calculated\" style=\"margin:0;--fontSize:38;line-height:var(--awb-typography1-line-height);\">Exhibition catalogues<\/h2><\/div><div class=\"fusion-text fusion-text-3\"><p>E.Ananich-P.Giulierini-P.Bruschetti (a cura di), Capolavori etruschi dall\u2019Ermitage, cat. Mostra Cortona MAEC, Museo dell\u2019Accademia Etrusca e della Citt\u00e0 di Cortona 6 settembre 2008-11 gennaio <\/p>\n<p>E.Mirri (a cura di), Francesco Laparelli architetto cortonese a Malta, cat. Mostra Cortona MAEC, Museodell\u2019Accademia Etrusca e della Citt\u00e0 di Cortona, 22 agosto-22 novembre 2009, Cortona, Tiphys,2009 <\/p>\n<p>P.Bruschetti-F.Gaultier-P.Giulierini-L.Haumesser, Gli Etruschi dall\u2019Arno al Tevere. Le collezioni del Louvre a Cortona, cat. Mostra Cortona MAEC, Museo dell\u2019Accademia Etrusca e della Citt\u00e0 di Cortona, 5 marzo-3 luglio 2011, Ginevra-Milano Skira 2011  <\/p>\n<p>P.Bruschetti, L\u2019Accademia Etrusca, soggetto attivo di tutela, in P.Bruschetti-F.Cecchi-P.GiulieriniP.Pallecchi, Restaurando la storia. L\u2019alba dei principi etruschi, cat.mostra Cortona 2012, Cortona, Tiphys, 2012, pp.24-33 <\/p>\n<p>P.Bruschetti-F.Cecchi-P.Giulierini-P.Pallecchi, Restaurando la storia. L\u2019alba dei principi etruschi, cat. Mostra Cortona MAEC, Museo dell\u2019Accademia Etrusca e della Citt\u00e0 di Cortona, 18 novembre 2012-5 maggio 2013, Cortona, Tiphys, 2012  <\/p>\n<p>P.Bruschetti-P.Giulierini-F.Pagano-P.Frusone (a cura di), Il tesoro dei Longobardi. Dagli antichi Maestri agli artisti orafi contemporanei, cat. Mostra Cortona MAEC, Museo dell\u2019Accademia Etrusca e della Citt\u00e0 di Cortona, 11 aprile-30 giugno 2013, Cortona, Tiphys, 2013  <\/p>\n<p>P.Bruschetti-B.Gialluca-P.Giulierini-S.Reynolds-J.Swaddling, Seduzione etrusca. Dai segreti di Holkham Hall alle meraviglie del British Museum, cat. Mostra Cortona MAEC, Museo dell\u2019Accademia Etrusca e della Citt\u00e0 di Cortona, 22 marzo-31 luglio 2014, Ginevra-Milano, Skira, 2014  <\/p>\n<p>P.BRUSCHETTI-F.GAULTIER-P.GIULIERINI-L.HAUMESSER-L.PERNET (a cura di), Les \u00c9trusques en toutes lettres. \u00c9criture et soci\u00e9t dans l\u2019Italie antique\u00e9 cat.mostra Lattes-Cortona 17 oct.2015-29 f\u00e9v.2016, Milano, Silvana ed., 2015 <\/p>\n<p>P.BRUSCHETTI-F.GAULTIER-P.GIULIERINI-L.HAUMESSER-L.PERNET (a cura di), Etruschi maestri di scrittura. Societ\u00e0 e cultura nell\u2019Italia antica, cat.mostra Lattes-Cortona 19 marzo-31 luglio 2016, Milano, Silvana ed., 2015 <\/p>\n<p>S.Angori-P.Bruschetti-P.Giulierini-P.Rocchini, Cortona etrusca: dal mito all\u2019archeologia, cat. Mostra Cortona MAEC, Museo dell\u2019Accademia Etrusca e della Citt\u00e0 di Cortona, 1 luglio-30 settembre 2017, Cortona, Tiphys, 2017 <\/p>\n<p>L.Donati-P.Bruschetti-P.Giulierini-P.Rocchini, 1738, la scoperta di Ercolano. Marcello Venuti: politica e cultura fra Napoli e Cortona, cat. Mostra Cortona MAEC, Museo dell\u2019Accademia Etrusca e della Citt\u00e0 di Cortona, 1 marzo-2 giugno 2019, Cortona, Tiphys, 2019  <\/p>\n<p>L.Donati-P.Bruschetti-V.Mascelli, Luci dalle tenebre. Dai lumi degli Etruschi ai bagliori di Pompei , cat. Mostra Cortona MAEC, Museo dell\u2019Accademia Etrusca e della Citt\u00e0 di Cortona, 23 maggio-8 novembre 2020, Cortona, Tiphys, 2021  <\/p>\n<p>S.Angori \u2013 P.Rocchini (a cura di), La Commedia e Cortona al tempo di Dante, cat. Mostra Cortona MAEC, Museo dell\u2019Accademia Etrusca e della Citt\u00e0 di Cortona, 26 giugno-10 ottobre 2021, Cortona, Tiphys, 2021 <\/p>\n<p>S.Roberto, Del Barocco Ingegno. Pietro da Cortona e i disegni di architettura del \u2018600 e \u2018700 della collezione Gnerucci, , cat.mostra Cortona MAEC, Museo dell\u2019Accademia Etrusca e della Citt\u00e0 di Cortona, 18 giugno-18 settembre 2022, Roma, De Luca, 2022 <\/p>\n<p>T.Henry (a cura di), Signorelli 500. Maestro Luca da Cortona, pittore di luce e poesia, cat. Mostra Cortona MAEC, Museo dell\u2019Accademia Etrusca e della Citt\u00e0 di Cortona, 23 giugno-8 ottobre 2023, Ginevra-Milano, Skira, 2023  <\/p>\n<p>F. Zimei-S. Allegria (a cura di), Cantare il Medioevo. La lauda a Cortona tra devozione e identit\u00e0 civica, cat. Mostra Cortona MAEC Museo dell\u2019Accademia Etrusca e della Citt\u00e0 di Cortona, 28 giugno-5 ottobre 2025, Roma-Bristol (USA), L\u2019Erma di Bretschneider, 2025   <\/p>\n<p>F. Zimei-S. Allegria (a cura di), Cantare il Medioevo. Singing the Middle Ages: The Lauda in Cortona Between Devotion and Civic Identity, cat. Mostra Cortona MAEC Museo dell\u2019Accademia Etrusca e della Citt\u00e0 di Cortona, 28 giugno-5 ottobre 2025, Roma-Bristol (USA), L\u2019Erma di Bretschneider, 2025   <\/p>\n<\/div><div class=\"fusion-title title fusion-title-3 fusion-sep-none fusion-title-text fusion-title-size-two\" style=\"--awb-margin-top-small:10px;--awb-margin-right-small:0px;--awb-margin-bottom-small:10px;--awb-margin-left-small:0px;\"><h2 class=\"fusion-title-heading title-heading-left fusion-responsive-typography-calculated\" style=\"margin:0;--fontSize:38;line-height:var(--awb-typography1-line-height);\">Periodic publications and series curated by the Accademia Etrusca<\/h2><\/div><div class=\"fusion-text fusion-text-4\"><p>Polimnia, Bollettino mensile di arte, storia, archeologia (dal 1924 al 1933)<\/p>\n<p>Annuario dell\u2019Accademia Etrusca di Cortona, (pubblicato dal 1934 \u2013 vol. I \u2013 al 2024 \u2013 vol. XL-)<\/p>\n<p>Note e Documenti (collana attiva dal 1970, con 23 titoli)<\/p>\n<p>Fonti e Testi (collana attiva dal 1982 con 8 titoli)<\/p>\n<p>Cortona francescana (collana attiva dal 2004, con 5 titoli)<\/p>\n<p>Cortona francescana, nuova serie (collana attiva dal 2018, con 3 titoli)<\/p>\n<\/div><div class=\"fusion-title title fusion-title-4 fusion-sep-none fusion-title-text fusion-title-size-two\" style=\"--awb-margin-top-small:10px;--awb-margin-right-small:0px;--awb-margin-bottom-small:10px;--awb-margin-left-small:0px;\"><h2 class=\"fusion-title-heading title-heading-left fusion-responsive-typography-calculated\" style=\"margin:0;--fontSize:38;line-height:var(--awb-typography1-line-height);\">Other publications on the Accademia Etrusca<\/h2><\/div><div class=\"fusion-text fusion-text-5\"><p>Saggi di Dissertazione accademiche pubblicamente lette nella nobile Accademia Etrusca dell\u2019antichissima Citt\u00e0 di Cortona, tomi I-IX, in Roma, a spese de\u2019 Pagliarini, 1735-1791.<\/p>\n<p>Museum Cortonense in quo vetera monumenta complectuntur anaglypha, thoreumata, gemmae inscalptae, insculptaeque quae in Academia Etrusca ceterisque nobilium virorum domibus adservantur in plurimis tabulis aeris distributum, atque a Francisco Valesio Romano, Antonio Francesco Gorio Florentino, et Rodulfino Venuti Cortonense. Notis illustratum, Romae Amidei 1750. <\/p>\n<p>G.Mancini, I manocrittti della libreria del Comune e dell\u2019Accademia Etrusca di Cortona, Cortona 1884<\/p>\n<p>T.Venuti De Dominicis, I Venuti, Roma, Forzani 1889<\/p>\n<p>G.Mancini, Cortona nel Medio Evo, Firenze carnesecchi, 1897<\/p>\n<p>M.Maylender, Storia delle Accademie d\u2019Italia, 5 voll., Bologna, Cappelli, 1926-1930<\/p>\n<p>G.Mancini, L\u2019Accademia Etrusca e la Libreria pubblica di Cortona (Note e Documenti,6), Cortona Calosci 1974<\/p>\n<p>V.Gazzola Stacchini-G.Bianchini, Le Accademie dell\u2019aretino nel XVII e XVIII secolo\u201d (Biblioteca dell\u2019\u201dArchivium Romanicum\u201d, vol.141), Firenze Olschki 1978, pp. 367-489 (Accademie di Cortona)<\/p>\n<p>G.Guerrieri-N.Fruscoloni-V.Cocchi, La pubblica biblioteca del Comune e dell\u2019Accademia Etrusca di Cortona, Cortona, Calosci, 1978<\/p>\n<p>C. Bruschetti, I Lucumoni dell\u2019Accademia Etrusca nel Settecento, Cortona 1980<\/p>\n<p>M.Cristofani, La scoperta degli Etruschi. Archeologia e Antiquaria nel \u2018700, Roma CNR 1983 <\/p>\n<p>P.Barocchi-D.Gallo (a cura di), L\u2019Accademia Etrusca, cat.mostra Cortona 1985, Milano, Electa, 1985<\/p>\n<p>P.Bocci Pacini-A.M.Maetzke, Il Museo dell\u2019Accademia Etrusca di Cortona, Firenze , Arti Grafiche Giorgi e Gambi, 1992<\/p>\n<p>Museo dell&#8217;Accademia Etrusca di Cortona, in &#8220;Musei in Mostra. Capolavori dei Musei della Provincia di Arezzo&#8221;, cat.mostra Arezzo, Basilica Inf. di San Francesco, 27 maggio-2 luglio 1995, Arezzo 1995, pp.119 ss.<\/p>\n<p>P.Bruschetti-M.Gori Sassoli-M.C.Guidotti-P.Zamarchi Grassi, Il Museo dell\u2019Accademia Etrusca di Cortona. Catalogo delle collezioni, Cortona, Calosci, 1996 <\/p>\n<p>P. Bruschetti, Il Museo dell\u2019Accademia Etrusca: un modello museografico, in \u201cAnnuario XXVII1995-96\u201d dell\u2019Accademia Etrusca, Cortona 1997, pp. 261 ss.<\/p>\n<p>Cose dal silenzio. Dai depositi del Museo, catalogo mostra Cortona, Accademia Etrusca 1998, (coord. di Paolo Bruschetti e Paolo Santucci), Cortona 1998 <\/p>\n<p>P.Bruschetti-P.Zamarchi Grassi, Cortona etrusca. Esempi di architettura funeraria, Cortona 1999 <\/p>\n<p>P.Bruschetti-M.G.Vaccari (a cura di), Museo dell\u2019Accademia Etrusca e della Citt\u00e0 di Cortona, Cortona, Murena Ed., 2007<\/p>\n<p>B.GIALLUCA, Le \u201cAntiquitates\u201d di Cortona: la fase virgiliana, in Aa. Vv., Oriente, Occidente e dintorni. Scritti in onore di Adolfo Tamburello, vol. III, Napoli, Universit\u00e0 degli Studi di Napoli \u201cL\u2019Orientale\u201d \u2013Dipartimento di Studi Asiatici e Istituto Italiano per l\u2019Africa e l\u2019Oriente, 2010, pp. 1205-1225.   <\/p>\n<p>E.Caldelli et AA, I manoscritti medievali della Provincia di Arezzo. Cortona , Firenze, SISMEL, 2011 <\/p>\n<p>R.Romanelli,, Venuti, famiglia, Sistema Informativo Unificato per le Soprintendenze Archivistiche, 2011, (disponibile all\u2019indirizzo http:\/\/siusa.archivi.beniculturali.it\/cgibin\/pagina.pl?TipoPag=comparc&amp;Chiave=357166)<\/p>\n<p>E.Mirri, Storia dell\u2019Accademia Etrusca dal dopoguerra ad oggi. Quasi settant\u2019anni di cronaca, Cortona, Tiphys,<br \/>\n2014 <\/p>\n<p>S.Mandray, Ridolfino Venuti (1705-1763), Antiquaire romain des Lumi\u00e9res et fondateur de l\u2019Acad\u00e9mie \u00e9trusque de Cortone, Paris, Universit\u00e9 de la Sorbonne, 2015<\/p>\n<p>P.Bruschetti, Cortona e l\u2019Accademia Etrusca del Settecento, in \u201cGian Domenico Bertoli e la cultura antiquaria del \u2018700\u201d, Bollettino del Gruppo Archeologico Aquileiese, XI,11, dicembre 2001, pp. 30-35<\/p>\n<p>P.Bruschetti, La Sapientissima Musa di Callimaco. La questione della Polimnia di Cortona, in P.REFICE (a cura di), Contraffazione dell\u2019Arte. Arte della Contraffazione. Mostra e incontri di studio, Firenze, Edifir, 2014, pp.65-78   <\/p>\n<p>C.Sbordone \u2013 P.Smiraglia, Le Accademie e la trasformazione della societ\u00e0, Roma, Bardi, 2016<\/p>\n<p>P.BRUSCHETTI-P.ROCCHINI, Baldassarre Orsini, Cortona e l\u2019Accademia Etrusca a fine Settecento, in C.LENZA e V.TROMBETTA (a cura di), Baldassarre Orsini tra arte e scienza (1732-1810), cat.mostra Perugia 14 aprile-4 giugno 2017, Milano, Silvana Ed., 2017, pp.208-214<\/p>\n<p>P.Bruschetti, L\u2019Accademia Etrusca, soggetto attivo di tutela, in \u201cMantova e Cortona due citt\u00e0 etrusche\u201d, Convegno di studi, Mantova 2 ducembre 2016, \u201cAtti e Memorie\u201d dell\u2019Accademia Nazionale virgiliana, vol. LXXXIV-2016, Mantova 2018, pp. 361-370 <\/p>\n<p>The Etruscan Academy of Cortona: its Role in Establishing Modern Archaeology and the Preservation of Cultural Heritage, in J.SWADDLING (ed.), An Etruscan Affair: the Impact of Early Etruscan Discoveries on European Culture, London, The British Museum, 2018, pp. 22-27<\/p>\n<p>P. Bruschetti, Il MAEC di Cortona: da museo di collezione a sistema aperto di cultura, in museum.di\u00e0, II\u00b0 Convegno Internazionale di Museologia. Chronos, Kair\u00f2s e Aion. Il tempo dei musei. [Atti dell\u2019Incontro Internazionale di Studi 26-28 maggio 2016] (a cura di Francesco Pignataro, Simona Sanchirico e Christopher Smith). Roma: E.S.S. Editorial Service System, 2018    <\/p>\n<p>P.Bruschetti, Musei e collezionismo settecentesco: il caso dell\u2019Accademia Etrusca di Cortona, in in \u201cMusei d\u2019Etruria\u201d Atti XXVI Convegno internazionale di Studi sulla Storia e l\u2019Archeologia dell\u2019Etruria, Annali della Fondazione per il Museo \u201cClaudio Faina\u201d XXVI, Orvieto 2019, pp. 231-248,<\/p>\n<p>A.Ferri, Venuti, Nicomede, in Dizionario Biografico degli Italiani, vol. XCVIII, Roma, Istituto della Enciclopedia Italiana,2020, pp. 670-672 <\/p>\n<p>P.Bruschetti, Venuti, Ridolfino, in Dizionario Biografico degli Italiani, vol. XCVIII, Roma, Istituto della Enciclopedia Italiana, 2020, pp. 672-675. <\/p>\n<p>A.Gariboldi, La raccolta numismatica di Girolamo Mancini: dalla Cortona etrusca all\u2019Italia risorgimentale, (con il contributo dell\u2019Accademia Etrusca), Trieste, EUT, 2021<\/p>\n<p>P.Bruschetti \u2013 G.Paolucci (a cura di), Il lampadario di Cortona. Dal collezionismo delle origini alle raccolte contemporanee, cat. Mostra Milano, Fondazione Rovati (in collaborazione con Accademia Etrusca), 14 dicembre 2022-5 marzo 2023, Milano, Johan &amp; Levi, 2022  <\/p>\n<p>J.Boutier-M.P.Paoli-C.Tarallo (a cura di), Dizionario storico delle Accademie toscane \u2013 vol.I Firenze \u2013 secoli XVI-XVIII, Pisa, Pacini, 2023<\/p>\n<p>P.Matracchi (a cura di), Laparelli 500. Francesco Laparelli Architetto militare \u2013 Atti del Convegno internazionale, Cortona, Accademia Etrusca 1-2 ottobre 2021, Firenze, Didapress, 2024 <\/p>\n<p>Accademia Etrusca di Cortona, Guerriera Guerrieri librorum domina. Una bibliotecaria tra Napoli e Cortona, a cura di S. Angori, Olschki, Firenze, 2024 <\/p>\n<\/div><\/div><\/div><\/div><\/div>\n","protected":false},"excerpt":{"rendered":"","protected":false},"author":2,"featured_media":0,"parent":0,"menu_order":0,"comment_status":"closed","ping_status":"closed","template":"100-width.php","meta":{"_price":"","_stock":"","_tribe_ticket_header":"","_tribe_default_ticket_provider":"","_tribe_ticket_capacity":"0","_ticket_start_date":"","_ticket_end_date":"","_tribe_ticket_show_description":"","_tribe_ticket_show_not_going":false,"_tribe_ticket_use_global_stock":"","_tribe_ticket_global_stock_level":"","_global_stock_mode":"","_global_stock_cap":"","_tribe_rsvp_for_event":"","_tribe_ticket_going_count":"","_tribe_ticket_not_going_count":"","_tribe_tickets_list":"[]","_tribe_ticket_has_attendee_info_fields":false,"footnotes":"","_tec_slr_enabled":"","_tec_slr_layout":""},"class_list":["post-718","page","type-page","status-publish","hentry"],"yoast_head":"<!-- This site is optimized with the Yoast SEO Premium plugin v27.3 (Yoast SEO v27.3) - https:\/\/yoast.com\/product\/yoast-seo-premium-wordpress\/ -->\n<title>Publications - MAEC Cortona | Museo dell&#039;Accademia Etrusca e della Citt\u00e0 di Cortona<\/title>\n<meta name=\"robots\" content=\"index, follow, max-snippet:-1, max-image-preview:large, max-video-preview:-1\" \/>\n<link rel=\"canonical\" href=\"https:\/\/cortonamaec.org\/en\/books\/\" \/>\n<meta property=\"og:locale\" content=\"en_US\" \/>\n<meta property=\"og:type\" content=\"article\" \/>\n<meta property=\"og:title\" content=\"Publications\" \/>\n<meta property=\"og:url\" content=\"https:\/\/cortonamaec.org\/en\/books\/\" \/>\n<meta property=\"og:site_name\" content=\"MAEC Cortona | Museo dell&#039;Accademia Etrusca e della Citt\u00e0 di Cortona\" \/>\n<meta property=\"article:publisher\" content=\"https:\/\/www.facebook.com\/MAEC.Cortona\" \/>\n<meta property=\"article:modified_time\" content=\"2025-12-09T10:25:49+00:00\" \/>\n<meta property=\"og:image\" content=\"https:\/\/cortonamaec.org\/wp-content\/uploads\/2025\/10\/4F1A2552_HDR.jpg\" \/>\n\t<meta property=\"og:image:width\" content=\"1920\" \/>\n\t<meta property=\"og:image:height\" content=\"1280\" \/>\n\t<meta property=\"og:image:type\" content=\"image\/jpeg\" \/>\n<meta name=\"twitter:card\" content=\"summary_large_image\" \/>\n<meta name=\"twitter:label1\" content=\"Est. reading time\" \/>\n\t<meta name=\"twitter:data1\" content=\"21 minutes\" \/>\n<script type=\"application\/ld+json\" class=\"yoast-schema-graph\">{\"@context\":\"https:\\\/\\\/schema.org\",\"@graph\":[{\"@type\":\"WebPage\",\"@id\":\"https:\\\/\\\/cortonamaec.org\\\/en\\\/books\\\/\",\"url\":\"https:\\\/\\\/cortonamaec.org\\\/en\\\/books\\\/\",\"name\":\"Publications - MAEC Cortona | Museo dell&#039;Accademia Etrusca e della Citt\u00e0 di Cortona\",\"isPartOf\":{\"@id\":\"https:\\\/\\\/cortonamaec.org\\\/en\\\/#website\"},\"datePublished\":\"2025-07-15T13:06:16+00:00\",\"dateModified\":\"2025-12-09T10:25:49+00:00\",\"breadcrumb\":{\"@id\":\"https:\\\/\\\/cortonamaec.org\\\/en\\\/books\\\/#breadcrumb\"},\"inLanguage\":\"en-US\",\"potentialAction\":[{\"@type\":\"ReadAction\",\"target\":[\"https:\\\/\\\/cortonamaec.org\\\/en\\\/books\\\/\"]}]},{\"@type\":\"BreadcrumbList\",\"@id\":\"https:\\\/\\\/cortonamaec.org\\\/en\\\/books\\\/#breadcrumb\",\"itemListElement\":[{\"@type\":\"ListItem\",\"position\":1,\"name\":\"Home\",\"item\":\"https:\\\/\\\/cortonamaec.org\\\/en\\\/\"},{\"@type\":\"ListItem\",\"position\":2,\"name\":\"Publications\"}]},{\"@type\":\"WebSite\",\"@id\":\"https:\\\/\\\/cortonamaec.org\\\/en\\\/#website\",\"url\":\"https:\\\/\\\/cortonamaec.org\\\/en\\\/\",\"name\":\"MAEC Cortona | Museo dell'Accademia Etrusca e della Citt\u00e0 di Cortona\",\"description\":\"\",\"publisher\":{\"@id\":\"https:\\\/\\\/cortonamaec.org\\\/en\\\/#organization\"},\"potentialAction\":[{\"@type\":\"SearchAction\",\"target\":{\"@type\":\"EntryPoint\",\"urlTemplate\":\"https:\\\/\\\/cortonamaec.org\\\/en\\\/?s={search_term_string}\"},\"query-input\":{\"@type\":\"PropertyValueSpecification\",\"valueRequired\":true,\"valueName\":\"search_term_string\"}}],\"inLanguage\":\"en-US\"},{\"@type\":\"Organization\",\"@id\":\"https:\\\/\\\/cortonamaec.org\\\/en\\\/#organization\",\"name\":\"MAEC Cortona | Museo dell'Accademia Etrusca e della Citt\u00e0 di Cortona\",\"url\":\"https:\\\/\\\/cortonamaec.org\\\/en\\\/\",\"logo\":{\"@type\":\"ImageObject\",\"inLanguage\":\"en-US\",\"@id\":\"https:\\\/\\\/cortonamaec.org\\\/en\\\/#\\\/schema\\\/logo\\\/image\\\/\",\"url\":\"https:\\\/\\\/cortonamaec.org\\\/wp-content\\\/uploads\\\/2025\\\/05\\\/MAEC_logo_nero-copia.webp\",\"contentUrl\":\"https:\\\/\\\/cortonamaec.org\\\/wp-content\\\/uploads\\\/2025\\\/05\\\/MAEC_logo_nero-copia.webp\",\"width\":1629,\"height\":1170,\"caption\":\"MAEC Cortona | Museo dell'Accademia Etrusca e della Citt\u00e0 di Cortona\"},\"image\":{\"@id\":\"https:\\\/\\\/cortonamaec.org\\\/en\\\/#\\\/schema\\\/logo\\\/image\\\/\"},\"sameAs\":[\"https:\\\/\\\/www.facebook.com\\\/MAEC.Cortona\",\"https:\\\/\\\/www.instagram.com\\\/maec_cortona\\\/\",\"https:\\\/\\\/www.youtube.com\\\/@MAEC2005\"],\"description\":\"Il MAEC - Museo dell\u2019Accademia Etrusca e della Citt\u00e0 di Cortona, nel centro storico di Cortona, \u00e8 uno dei principali musei etruschi d\u2019Italia. Espone reperti di grande valore, tra cui il celebre Lampadario etrusco e la Tabula Cortonensis e comprende anche una significativa collezione egizia. Il percorso espositivo racconta la storia del territorio dall\u2019epoca etrusca al Medioevo fino all\u2019et\u00e0 moderna e contemporanea, con opere di Gino Severini, attraverso collezioni permanenti e mostre temporanee.\",\"email\":\"info@cortonamaec.org\",\"telephone\":\"0575630415\",\"legalName\":\"Accademia Etrusca ETS\",\"foundingDate\":\"1727-11-27\",\"numberOfEmployees\":{\"@type\":\"QuantitativeValue\",\"minValue\":\"1\",\"maxValue\":\"10\"}}]}<\/script>\n<!-- \/ Yoast SEO Premium plugin. -->","yoast_head_json":{"title":"Publications - MAEC Cortona | Museo dell&#039;Accademia Etrusca e della Citt\u00e0 di Cortona","robots":{"index":"index","follow":"follow","max-snippet":"max-snippet:-1","max-image-preview":"max-image-preview:large","max-video-preview":"max-video-preview:-1"},"canonical":"https:\/\/cortonamaec.org\/en\/books\/","og_locale":"en_US","og_type":"article","og_title":"Publications","og_url":"https:\/\/cortonamaec.org\/en\/books\/","og_site_name":"MAEC Cortona | Museo dell&#039;Accademia Etrusca e della Citt\u00e0 di Cortona","article_publisher":"https:\/\/www.facebook.com\/MAEC.Cortona","article_modified_time":"2025-12-09T10:25:49+00:00","og_image":[{"width":1920,"height":1280,"url":"https:\/\/cortonamaec.org\/wp-content\/uploads\/2025\/10\/4F1A2552_HDR.jpg","type":"image\/jpeg"}],"twitter_card":"summary_large_image","twitter_misc":{"Est. reading time":"21 minutes"},"schema":{"@context":"https:\/\/schema.org","@graph":[{"@type":"WebPage","@id":"https:\/\/cortonamaec.org\/en\/books\/","url":"https:\/\/cortonamaec.org\/en\/books\/","name":"Publications - MAEC Cortona | Museo dell&#039;Accademia Etrusca e della Citt\u00e0 di Cortona","isPartOf":{"@id":"https:\/\/cortonamaec.org\/en\/#website"},"datePublished":"2025-07-15T13:06:16+00:00","dateModified":"2025-12-09T10:25:49+00:00","breadcrumb":{"@id":"https:\/\/cortonamaec.org\/en\/books\/#breadcrumb"},"inLanguage":"en-US","potentialAction":[{"@type":"ReadAction","target":["https:\/\/cortonamaec.org\/en\/books\/"]}]},{"@type":"BreadcrumbList","@id":"https:\/\/cortonamaec.org\/en\/books\/#breadcrumb","itemListElement":[{"@type":"ListItem","position":1,"name":"Home","item":"https:\/\/cortonamaec.org\/en\/"},{"@type":"ListItem","position":2,"name":"Publications"}]},{"@type":"WebSite","@id":"https:\/\/cortonamaec.org\/en\/#website","url":"https:\/\/cortonamaec.org\/en\/","name":"MAEC Cortona | Museo dell'Accademia Etrusca e della Citt\u00e0 di Cortona","description":"","publisher":{"@id":"https:\/\/cortonamaec.org\/en\/#organization"},"potentialAction":[{"@type":"SearchAction","target":{"@type":"EntryPoint","urlTemplate":"https:\/\/cortonamaec.org\/en\/?s={search_term_string}"},"query-input":{"@type":"PropertyValueSpecification","valueRequired":true,"valueName":"search_term_string"}}],"inLanguage":"en-US"},{"@type":"Organization","@id":"https:\/\/cortonamaec.org\/en\/#organization","name":"MAEC Cortona | Museo dell'Accademia Etrusca e della Citt\u00e0 di Cortona","url":"https:\/\/cortonamaec.org\/en\/","logo":{"@type":"ImageObject","inLanguage":"en-US","@id":"https:\/\/cortonamaec.org\/en\/#\/schema\/logo\/image\/","url":"https:\/\/cortonamaec.org\/wp-content\/uploads\/2025\/05\/MAEC_logo_nero-copia.webp","contentUrl":"https:\/\/cortonamaec.org\/wp-content\/uploads\/2025\/05\/MAEC_logo_nero-copia.webp","width":1629,"height":1170,"caption":"MAEC Cortona | Museo dell'Accademia Etrusca e della Citt\u00e0 di Cortona"},"image":{"@id":"https:\/\/cortonamaec.org\/en\/#\/schema\/logo\/image\/"},"sameAs":["https:\/\/www.facebook.com\/MAEC.Cortona","https:\/\/www.instagram.com\/maec_cortona\/","https:\/\/www.youtube.com\/@MAEC2005"],"description":"Il MAEC - Museo dell\u2019Accademia Etrusca e della Citt\u00e0 di Cortona, nel centro storico di Cortona, \u00e8 uno dei principali musei etruschi d\u2019Italia. Espone reperti di grande valore, tra cui il celebre Lampadario etrusco e la Tabula Cortonensis e comprende anche una significativa collezione egizia. Il percorso espositivo racconta la storia del territorio dall\u2019epoca etrusca al Medioevo fino all\u2019et\u00e0 moderna e contemporanea, con opere di Gino Severini, attraverso collezioni permanenti e mostre temporanee.","email":"info@cortonamaec.org","telephone":"0575630415","legalName":"Accademia Etrusca ETS","foundingDate":"1727-11-27","numberOfEmployees":{"@type":"QuantitativeValue","minValue":"1","maxValue":"10"}}]}},"ticketed":false,"_links":{"self":[{"href":"https:\/\/cortonamaec.org\/en\/wp-json\/wp\/v2\/pages\/718","targetHints":{"allow":["GET"]}}],"collection":[{"href":"https:\/\/cortonamaec.org\/en\/wp-json\/wp\/v2\/pages"}],"about":[{"href":"https:\/\/cortonamaec.org\/en\/wp-json\/wp\/v2\/types\/page"}],"author":[{"embeddable":true,"href":"https:\/\/cortonamaec.org\/en\/wp-json\/wp\/v2\/users\/2"}],"replies":[{"embeddable":true,"href":"https:\/\/cortonamaec.org\/en\/wp-json\/wp\/v2\/comments?post=718"}],"version-history":[{"count":6,"href":"https:\/\/cortonamaec.org\/en\/wp-json\/wp\/v2\/pages\/718\/revisions"}],"predecessor-version":[{"id":5508,"href":"https:\/\/cortonamaec.org\/en\/wp-json\/wp\/v2\/pages\/718\/revisions\/5508"}],"wp:attachment":[{"href":"https:\/\/cortonamaec.org\/en\/wp-json\/wp\/v2\/media?parent=718"}],"curies":[{"name":"wp","href":"https:\/\/api.w.org\/{rel}","templated":true}]}}